{"id":4291,"date":"2022-09-23T18:22:23","date_gmt":"2022-09-23T18:22:23","guid":{"rendered":"https:\/\/www.jorditane.eu\/avis-legal\/"},"modified":"2022-10-19T18:51:31","modified_gmt":"2022-10-19T18:51:31","slug":"avis-legal","status":"publish","type":"page","link":"https:\/\/www.jorditane.eu\/ca\/avis-legal\/","title":{"rendered":"Av\u00eds legal"},"content":{"rendered":"\t\t<div data-elementor-type=\"wp-page\" data-elementor-id=\"4291\" class=\"elementor elementor-4291 elementor-4229\" data-elementor-post-type=\"page\">\n\t\t\t\t\t\t<section class=\"elementor-section elementor-top-section elementor-element elementor-element-2e9dfe6 elementor-section-boxed elementor-section-height-default elementor-section-height-default\" data-id=\"2e9dfe6\" data-element_type=\"section\" data-e-type=\"section\">\n\t\t\t\t\t\t<div class=\"elementor-container elementor-column-gap-default\">\n\t\t\t\t\t<div class=\"elementor-column elementor-col-100 elementor-top-column elementor-element elementor-element-48c3cac\" data-id=\"48c3cac\" data-element_type=\"column\" data-e-type=\"column\">\n\t\t\t<div class=\"elementor-widget-wrap elementor-element-populated\">\n\t\t\t\t\t\t<div class=\"elementor-element elementor-element-c107d05 elementor-widget elementor-widget-heading\" data-id=\"c107d05\" data-element_type=\"widget\" data-e-type=\"widget\" data-widget_type=\"heading.default\">\n\t\t\t\t<div class=\"elementor-widget-container\">\n\t\t\t\t\t<h2 class=\"elementor-heading-title elementor-size-default\">Av\u00eds legal<\/h2>\t\t\t\t<\/div>\n\t\t\t\t<\/div>\n\t\t\t\t<div class=\"elementor-element elementor-element-3660e4e elementor-widget elementor-widget-text-editor\" data-id=\"3660e4e\" data-element_type=\"widget\" data-e-type=\"widget\" data-widget_type=\"text-editor.default\">\n\t\t\t\t<div class=\"elementor-widget-container\">\n\t\t\t\t\t\t\t\t\t<p>El titular del lloc web \u00e9s Jordi Tan\u00e9 Casadevall, amb N.I.F. 40262629W, amb domicili a Torres Jonama, 85, Palafrugell,(Girona).<\/p>\n<p>L&#8217;acc\u00e9s al lloc web de www.jorditane.eu \u00e9s gratu\u00eft. Tot el contingut \u00e9s propietat intel\u00b7lectual de Jordi Tan\u00e9 Casadevall. Qualsevol utilitzaci\u00f3 dels mateixos contr\u00e0ria a les normes en mat\u00e8ria de propietat intel\u00b7lectual ser\u00e0 perseguida d&#8217;acord amb la legislaci\u00f3 vigent.<\/p>\n\t\t\t\t\t\t\t\t<\/div>\n\t\t\t\t<\/div>\n\t\t\t\t\t<\/div>\n\t\t<\/div>\n\t\t\t\t\t<\/div>\n\t\t<\/section>\n\t\t\t\t<\/div>\n\t\t","protected":false},"excerpt":{"rendered":"<p>Av\u00eds legal El titular del lloc web \u00e9s Jordi Tan\u00e9 Casadevall, amb N.I.F. 40262629W, amb domicili a Torres Jonama, 85, Palafrugell,(Girona). L&#8217;acc\u00e9s al lloc web de www.jorditane.eu \u00e9s gratu\u00eft. Tot el contingut \u00e9s propietat intel\u00b7lectual de Jordi Tan\u00e9 Casadevall. Qualsevol utilitzaci\u00f3 dels mateixos contr\u00e0ria a les normes en mat\u00e8ria de propietat intel\u00b7lectual ser\u00e0 perseguida d&#8217;acord [&hellip;]<\/p>\n","protected":false},"author":1,"featured_media":0,"parent":0,"menu_order":0,"comment_status":"closed","ping_status":"closed","template":"elementor_header_footer","meta":{"footnotes":""},"class_list":["post-4291","page","type-page","status-publish","hentry"],"yoast_head":"<!-- This site is optimized with the Yoast SEO plugin v27.2 - https:\/\/yoast.com\/product\/yoast-seo-wordpress\/ -->\n<title>Av\u00eds legal &#8226; Finques Jordi Tan\u00e9<\/title>\n<meta name=\"robots\" content=\"noindex, nofollow\" \/>\n<meta property=\"og:locale\" content=\"ca_ES\" \/>\n<meta property=\"og:type\" content=\"article\" \/>\n<meta property=\"og:title\" content=\"Av\u00eds legal &#8226; Finques Jordi Tan\u00e9\" \/>\n<meta property=\"og:description\" content=\"Av\u00eds legal El titular del lloc web \u00e9s Jordi Tan\u00e9 Casadevall, amb N.I.F. 40262629W, amb domicili a Torres Jonama, 85, Palafrugell,(Girona). L&#8217;acc\u00e9s al lloc web de www.jorditane.eu \u00e9s gratu\u00eft. Tot el contingut \u00e9s propietat intel\u00b7lectual de Jordi Tan\u00e9 Casadevall. Qualsevol utilitzaci\u00f3 dels mateixos contr\u00e0ria a les normes en mat\u00e8ria de propietat intel\u00b7lectual ser\u00e0 perseguida d&#8217;acord [&hellip;]\" \/>\n<meta property=\"og:url\" content=\"https:\/\/www.jorditane.eu\/ca\/avis-legal\/\" \/>\n<meta property=\"og:site_name\" content=\"Finques Jordi Tan\u00e9\" \/>\n<meta property=\"article:modified_time\" content=\"2022-10-19T18:51:31+00:00\" \/>\n<meta name=\"twitter:card\" content=\"summary_large_image\" \/>\n<script type=\"application\/ld+json\" class=\"yoast-schema-graph\">{\"@context\":\"https:\/\/schema.org\",\"@graph\":[{\"@type\":\"WebPage\",\"@id\":\"https:\/\/www.jorditane.eu\/ca\/avis-legal\/\",\"url\":\"https:\/\/www.jorditane.eu\/ca\/avis-legal\/\",\"name\":\"Av\u00eds legal &#8226; Finques Jordi Tan\u00e9\",\"isPartOf\":{\"@id\":\"https:\/\/www.jorditane.eu\/ca\/#website\"},\"datePublished\":\"2022-09-23T18:22:23+00:00\",\"dateModified\":\"2022-10-19T18:51:31+00:00\",\"breadcrumb\":{\"@id\":\"https:\/\/www.jorditane.eu\/ca\/avis-legal\/#breadcrumb\"},\"inLanguage\":\"ca\",\"potentialAction\":[{\"@type\":\"ReadAction\",\"target\":[\"https:\/\/www.jorditane.eu\/ca\/avis-legal\/\"]}]},{\"@type\":\"BreadcrumbList\",\"@id\":\"https:\/\/www.jorditane.eu\/ca\/avis-legal\/#breadcrumb\",\"itemListElement\":[{\"@type\":\"ListItem\",\"position\":1,\"name\":\"Portada\",\"item\":\"https:\/\/www.jorditane.eu\/ca\/\"},{\"@type\":\"ListItem\",\"position\":2,\"name\":\"Av\u00eds legal\"}]},{\"@type\":\"WebSite\",\"@id\":\"https:\/\/www.jorditane.eu\/ca\/#website\",\"url\":\"https:\/\/www.jorditane.eu\/ca\/\",\"name\":\"Finques Jordi Tan\u00e9\",\"description\":\"Alquiler vacacional en el Baix Empord\u00e0\",\"publisher\":{\"@id\":\"https:\/\/www.jorditane.eu\/ca\/#organization\"},\"potentialAction\":[{\"@type\":\"SearchAction\",\"target\":{\"@type\":\"EntryPoint\",\"urlTemplate\":\"https:\/\/www.jorditane.eu\/ca\/?s={search_term_string}\"},\"query-input\":{\"@type\":\"PropertyValueSpecification\",\"valueRequired\":true,\"valueName\":\"search_term_string\"}}],\"inLanguage\":\"ca\"},{\"@type\":\"Organization\",\"@id\":\"https:\/\/www.jorditane.eu\/ca\/#organization\",\"name\":\"Finques Jordi Tan\u00e9\",\"url\":\"https:\/\/www.jorditane.eu\/ca\/\",\"logo\":{\"@type\":\"ImageObject\",\"inLanguage\":\"ca\",\"@id\":\"https:\/\/www.jorditane.eu\/ca\/#\/schema\/logo\/image\/\",\"url\":\"https:\/\/www.jorditane.eu\/wp-content\/uploads\/2023\/06\/logo-new.png\",\"contentUrl\":\"https:\/\/www.jorditane.eu\/wp-content\/uploads\/2023\/06\/logo-new.png\",\"width\":486,\"height\":154,\"caption\":\"Finques Jordi Tan\u00e9\"},\"image\":{\"@id\":\"https:\/\/www.jorditane.eu\/ca\/#\/schema\/logo\/image\/\"}}]}<\/script>\n<!-- \/ Yoast SEO plugin. -->","yoast_head_json":{"title":"Av\u00eds legal &#8226; Finques Jordi Tan\u00e9","robots":{"index":"noindex","follow":"nofollow"},"og_locale":"ca_ES","og_type":"article","og_title":"Av\u00eds legal &#8226; Finques Jordi Tan\u00e9","og_description":"Av\u00eds legal El titular del lloc web \u00e9s Jordi Tan\u00e9 Casadevall, amb N.I.F. 40262629W, amb domicili a Torres Jonama, 85, Palafrugell,(Girona). L&#8217;acc\u00e9s al lloc web de www.jorditane.eu \u00e9s gratu\u00eft. Tot el contingut \u00e9s propietat intel\u00b7lectual de Jordi Tan\u00e9 Casadevall. Qualsevol utilitzaci\u00f3 dels mateixos contr\u00e0ria a les normes en mat\u00e8ria de propietat intel\u00b7lectual ser\u00e0 perseguida d&#8217;acord [&hellip;]","og_url":"https:\/\/www.jorditane.eu\/ca\/avis-legal\/","og_site_name":"Finques Jordi Tan\u00e9","article_modified_time":"2022-10-19T18:51:31+00:00","twitter_card":"summary_large_image","schema":{"@context":"https:\/\/schema.org","@graph":[{"@type":"WebPage","@id":"https:\/\/www.jorditane.eu\/ca\/avis-legal\/","url":"https:\/\/www.jorditane.eu\/ca\/avis-legal\/","name":"Av\u00eds legal &#8226; Finques Jordi Tan\u00e9","isPartOf":{"@id":"https:\/\/www.jorditane.eu\/ca\/#website"},"datePublished":"2022-09-23T18:22:23+00:00","dateModified":"2022-10-19T18:51:31+00:00","breadcrumb":{"@id":"https:\/\/www.jorditane.eu\/ca\/avis-legal\/#breadcrumb"},"inLanguage":"ca","potentialAction":[{"@type":"ReadAction","target":["https:\/\/www.jorditane.eu\/ca\/avis-legal\/"]}]},{"@type":"BreadcrumbList","@id":"https:\/\/www.jorditane.eu\/ca\/avis-legal\/#breadcrumb","itemListElement":[{"@type":"ListItem","position":1,"name":"Portada","item":"https:\/\/www.jorditane.eu\/ca\/"},{"@type":"ListItem","position":2,"name":"Av\u00eds legal"}]},{"@type":"WebSite","@id":"https:\/\/www.jorditane.eu\/ca\/#website","url":"https:\/\/www.jorditane.eu\/ca\/","name":"Finques Jordi Tan\u00e9","description":"Alquiler vacacional en el Baix Empord\u00e0","publisher":{"@id":"https:\/\/www.jorditane.eu\/ca\/#organization"},"potentialAction":[{"@type":"SearchAction","target":{"@type":"EntryPoint","urlTemplate":"https:\/\/www.jorditane.eu\/ca\/?s={search_term_string}"},"query-input":{"@type":"PropertyValueSpecification","valueRequired":true,"valueName":"search_term_string"}}],"inLanguage":"ca"},{"@type":"Organization","@id":"https:\/\/www.jorditane.eu\/ca\/#organization","name":"Finques Jordi Tan\u00e9","url":"https:\/\/www.jorditane.eu\/ca\/","logo":{"@type":"ImageObject","inLanguage":"ca","@id":"https:\/\/www.jorditane.eu\/ca\/#\/schema\/logo\/image\/","url":"https:\/\/www.jorditane.eu\/wp-content\/uploads\/2023\/06\/logo-new.png","contentUrl":"https:\/\/www.jorditane.eu\/wp-content\/uploads\/2023\/06\/logo-new.png","width":486,"height":154,"caption":"Finques Jordi Tan\u00e9"},"image":{"@id":"https:\/\/www.jorditane.eu\/ca\/#\/schema\/logo\/image\/"}}]}},"_links":{"self":[{"href":"https:\/\/www.jorditane.eu\/ca\/wp-json\/wp\/v2\/pages\/4291","targetHints":{"allow":["GET"]}}],"collection":[{"href":"https:\/\/www.jorditane.eu\/ca\/wp-json\/wp\/v2\/pages"}],"about":[{"href":"https:\/\/www.jorditane.eu\/ca\/wp-json\/wp\/v2\/types\/page"}],"author":[{"embeddable":true,"href":"https:\/\/www.jorditane.eu\/ca\/wp-json\/wp\/v2\/users\/1"}],"replies":[{"embeddable":true,"href":"https:\/\/www.jorditane.eu\/ca\/wp-json\/wp\/v2\/comments?post=4291"}],"version-history":[{"count":2,"href":"https:\/\/www.jorditane.eu\/ca\/wp-json\/wp\/v2\/pages\/4291\/revisions"}],"predecessor-version":[{"id":4323,"href":"https:\/\/www.jorditane.eu\/ca\/wp-json\/wp\/v2\/pages\/4291\/revisions\/4323"}],"wp:attachment":[{"href":"https:\/\/www.jorditane.eu\/ca\/wp-json\/wp\/v2\/media?parent=4291"}],"curies":[{"name":"wp","href":"https:\/\/api.w.org\/{rel}","templated":true}]}}